{"id":292,"date":"2016-03-16T09:40:02","date_gmt":"2016-03-16T08:40:02","guid":{"rendered":"http:\/\/www.generationenchor.ch\/?page_id=292"},"modified":"2016-03-17T09:35:57","modified_gmt":"2016-03-17T08:35:57","slug":"anmeldeseite","status":"publish","type":"page","link":"https:\/\/www.generationenchor.ch\/?page_id=292","title":{"rendered":"Anmeldeseite"},"content":{"rendered":"<p>Hallo {vorname}<\/p>\n<p style=\"margin-bottom: 0.25em;\">hier kannst du:<\/p>\n<ul>\n<li><a href=\"#anmelden\">dich f\u00fcr Projekte anmelden<\/a><\/li>\n<li><a href=\"#data\">deine Daten anpassen<\/a><\/li>\n<\/ul>\n<p style=\"margin-bottom: 0.25em;\">Du bist f\u00fcr folgende Projekte bereits angemeldet:<\/p>\n<ul>\n<li><a href=\"http:\/\/projektseite?a=projekt1\">Projekt1<\/a><\/li>\n<li>Projekt2<\/li>\n<\/ul>\n<h2><a name=\"anmelden\"><\/a>F\u00fcr folgende Projekte kannst du dich anmelden:<\/h2>\n<table>\n<tbody>\n<tr>\n<td>{p.titel}<\/td>\n<td>{p.kurztext}<\/td>\n<td>{p.anmelden_ende}<br \/>\n{p.kosten}<\/td>\n<td><input type=\"button\" value=\"anmelden\" \/><\/td>\n<\/tr>\n<\/tbody>\n<\/table>\n<h2><a name=\"data\"><\/a>Deine pers\u00f6nlichen Daten und Einstellungen<\/h2>\n<form>\n<table width=\"100%\">\n<tbody>\n<tr>\n<td width=\"20%\"><\/td>\n<td width=\"50%\"><\/td>\n<td width=\"30%\">nicht gesperrte Felder sind f\u00fcr alle im selben Projekt sichtbar<\/td>\n<\/tr>\n<tr>\n<td>Vorname<\/td>\n<td><input size=\"29\" type=\"text\" value=\"\" \/><\/td>\n<td>ist f\u00fcr alle sichtbar<\/td>\n<\/tr>\n<tr>\n<td>Name<\/td>\n<td><input size=\"29\" type=\"text\" value=\"\" \/><\/td>\n<td><input type=\"checkbox\" \/>Name sperren<\/td>\n<\/tr>\n<tr>\n<td>Adresse<br \/>\nPLZ Ort<\/td>\n<td><input size=\"29\" type=\"text\" value=\"\" \/><br \/>\n<input size=\"6\" type=\"text\" value=\"\" \/><input size=\"17\" type=\"text\" value=\"\" \/><\/td>\n<td><input type=\"checkbox\" \/>Adresse sperren<\/td>\n<\/tr>\n<tr>\n<td>Telefon<\/td>\n<td><input type=\"text\" value=\"\" \/><br \/>\n<input type=\"text\" value=\"\" \/><\/td>\n<td><input type=\"checkbox\" \/>Telefon sperren<\/td>\n<\/tr>\n<tr>\n<td>Email<\/td>\n<td><input size=\"29\" type=\"text\" value=\"\" \/><\/td>\n<td><input type=\"checkbox\" \/>Email sperren<\/td>\n<\/tr>\n<tr>\n<td>Register<\/td>\n<td><select><option><\/option><option>Sopran<\/option><option>Alt<\/option><option>Tenor<\/option><option>Bass<\/option><\/select><\/td>\n<td><\/td>\n<\/tr>\n<tr>\n<td>Foto<\/td>\n<td>folgt evt. sp\u00e4ter<\/td>\n<td><\/td>\n<\/tr>\n<\/tbody>\n<\/table>\n<p><input checked=\"checked\" type=\"checkbox\" \/>Ich m\u00f6chte Anmeldungseinladungen f\u00fcr Projekte erhalten<\/p>\n<p><input checked=\"checked\" type=\"checkbox\" \/>Ich m\u00f6chte Einladungen f\u00fcr den Stamm erhalten<\/p>\n<p><input checked=\"checked\" type=\"checkbox\" \/>Ich bin an informationen von anderen Chormitgliedern interessiert<br \/>\n<input type=\"submit\" value=\"absenden\" \/><\/p>\n<\/form>\n","protected":false},"excerpt":{"rendered":"<p>Hallo {vorname} hier kannst du: dich f\u00fcr Projekte anmelden deine Daten anpassen Du bist f\u00fcr folgende Projekte bereits angemeldet: Projekt1 Projekt2 F\u00fcr folgende Projekte kannst du dich anmelden: {p.titel} {p.kurztext} {p.anmelden_ende} {p.kosten} Deine pers\u00f6nlichen Daten und Einstellungen nicht gesperrte Felder &hellip; <a href=\"https:\/\/www.generationenchor.ch\/?page_id=292\">Weiterlesen <span class=\"meta-nav\">&rarr;<\/span><\/a><\/p>\n","protected":false},"author":1,"featured_media":0,"parent":54,"menu_order":0,"comment_status":"open","ping_status":"open","template":"anmelden.php","meta":{"footnotes":""},"class_list":["post-292","page","type-page","status-publish","hentry"],"_links":{"self":[{"href":"https:\/\/www.generationenchor.ch\/index.php?rest_route=\/wp\/v2\/pages\/292","targetHints":{"allow":["GET"]}}],"collection":[{"href":"https:\/\/www.generationenchor.ch\/index.php?rest_route=\/wp\/v2\/pages"}],"about":[{"href":"https:\/\/www.generationenchor.ch\/index.php?rest_route=\/wp\/v2\/types\/page"}],"author":[{"embeddable":true,"href":"https:\/\/www.generationenchor.ch\/index.php?rest_route=\/wp\/v2\/users\/1"}],"replies":[{"embeddable":true,"href":"https:\/\/www.generationenchor.ch\/index.php?rest_route=%2Fwp%2Fv2%2Fcomments&post=292"}],"version-history":[{"count":9,"href":"https:\/\/www.generationenchor.ch\/index.php?rest_route=\/wp\/v2\/pages\/292\/revisions"}],"predecessor-version":[{"id":301,"href":"https:\/\/www.generationenchor.ch\/index.php?rest_route=\/wp\/v2\/pages\/292\/revisions\/301"}],"up":[{"embeddable":true,"href":"https:\/\/www.generationenchor.ch\/index.php?rest_route=\/wp\/v2\/pages\/54"}],"wp:attachment":[{"href":"https:\/\/www.generationenchor.ch\/index.php?rest_route=%2Fwp%2Fv2%2Fmedia&parent=292"}],"curies":[{"name":"wp","href":"https:\/\/api.w.org\/{rel}","templated":true}]}}